{"id":15909,"date":"2015-12-02T10:48:17","date_gmt":"2015-12-02T10:48:17","guid":{"rendered":"http:\/\/marsellaglobal.com\/es\/company\/"},"modified":"2021-12-16T09:25:49","modified_gmt":"2021-12-16T09:25:49","slug":"company","status":"publish","type":"page","link":"https:\/\/marsellaglobal.com\/es\/company\/","title":{"rendered":"Company"},"content":{"rendered":"<section class=\"wpb-content-wrapper\"><p>[vc_row bg_image=\u00bb16589&#8243; class=\u00bbcontacto_head_img\u00bb][vc_column width=\u00bb1\/1&#8243;]<div class=\"spacer\" style=\"height: 195px;\"><\/div><h3 class=\"headline font-inherit fontsize-inherit fontweight-400 lh-inherit align-left transform-inherit \" style=\"margin: 0 0 20px 0;\">Nos preocupamos de tus necesidades<\/p>\n<\/h3><h3 class=\"headline font-inherit fontsize-inherit fontweight-400 lh-inherit align-left transform-inherit \" style=\"margin: 0 0 20px 0;\">20 a\u00f1os de experiencia a tu servicio.<\/p>\n<\/h3><div class=\"spacer\" style=\"height: 95px;\"><\/div>[\/vc_column][\/vc_row][vc_row][vc_column width=\u00bb1\/1&#8243;]<div class=\"spacer\" style=\"height: 60px;\"><\/div>[\/vc_column][\/vc_row][vc_row][vc_column width=\u00bb5\/6&#8243;][vc_raw_html]JTNDaDElMjBjbGFzcyUzRCUyMmNfdGl0bCUyMiUzRUVtcHJlc2ElM0MlMkZoMSUzRSUwQSUzQ3AlMjBjbGFzcyUzRCUyMmNvbXBhbnlfcCUyMiUzRU1hcnNlbGxhJTIwR2xvYmFsJTIwc2UlMjBlc3RhYmxlY2klQzMlQjMlMjBlbiUyMDIwMDglMjBjb21vJTIwY29udGludWFkb3JhJTIwZGUlMjBsYXMlMjBhY3RpdmlkYWRlcyUyMGRlJTIwSWJlcmlhbiUyMCUyMEZhaXIlMjBUcmFkaW5nJTJDJTIwcXVlJTIwc2UlMjBpbmljaSVDMyVCMyUyMGVuJTIwMTk5Ni4lM0MlMkZwJTNFJTBBJTNDcCUyMGNsYXNzJTNEJTIyY29tcGFueV9wJTIyJTNFU29tb3MlMjB1bmElMjBlbXByZXNhJTIwY29uJTIwdW5hJTIwbWlzaSVDMyVCM24lMjBkZSUyMHNlcnZpY2lvJTIwZ2xvYmFsJTIwcGFyYSUyMGxvcyUyMGNsaWVudGVzJTIwZGUlMjBsYSUyMEluZHVzdHJpYSUyMGRlbCUyMHBsJUMzJUExc3RpY28lMkMlMjBxdSVDMyVBRG1pY2ElMjB5JTIwdGV4dGlsLiUzQyUyRnAlM0UlMEElM0NwJTIwY2xhc3MlM0QlMjJjb21wYW55X3AlMjIlM0VOdWVzdHJhJTIwb3JpZW50YWNpJUMzJUIzbiUyMGFsJTIwbWVyY2FkbyUyMHNlJTIwYmFzYSUyMGVuJTIwb2ZyZWNlciUyMHByb2R1Y3RvcyUyMGRlJTIwY2FsaWRhZCUyMHklMjBlc3BlY2lhbGlkYWRlcyUyMGRlc2Fycm9sbGFkb3MlMjBlbiUyMGVzdHJlY2hhJTIwY29sYWJvcmFjaSVDMyVCM24lMjBjb24lMjBudWVzdHJvcyUyMGNsaWVudGVzLiUzQyUyRnAlM0UlMEElM0NwJTIwY2xhc3MlM0QlMjJjb21wYW55X3AlMjIlM0VOdWVzdHJhJTIwdm9jYWNpJUMzJUIzbiUyMGRlJTIwc2VydmljaW8lMjBub3MlMjBwZXJtaXRlJTIwZXN0YXIlMjBwcmVzZW50ZXMlMjBlbiUyMGNsaWVudGVzJTIwZGUlMjBjdWFscXVpZXIlMjB0YW1hJUMzJUIxbyUyQyUyMHRhbnRvJTIwZW4lMjBncmFuZGVzJTIwY29tbyUyMCUyMHBlcXVlJUMzJUIxb3MuJTIwQWN0dWFsbWVudGUlMjBhdGVuZGVtb3MlMjBhJTIwbSVDMyVBMXMlMjBkZSUyMDMwMCUyMGNsaWVudGVzJTIwZW4lMjAyMSUyMHBhJUMzJUFEc2VzJTIwZGUlMjBFdXJvcGElMkMlMjBBbSVDMyVBOXJpY2ElMjBkZWwlMjBOb3J0ZSUyQyUyMEFzaWElMjB5JTIwT3JpZW50ZSUyME1lZGlvLiUzQyUyRnAlM0UlMEElMEElMEElMEElM0NwJTIwY2xhc3MlM0QlMjJjb21wYW55X3AlMjIlM0UlM0NzdHJvbmclM0VPcmdhbml6YWNpJUMzJUIzbiUyMGNvbWVyY2lhbCUzQyUyRnN0cm9uZyUzRSUzQyUyRnAlM0UlMEElMEElM0NwJTIwY2xhc3MlM0QlMjJjb21wYW55X3AlMjIlM0VOdWVzdHJhJTIwb3JnYW5pemFjaSVDMyVCM24lMjBjb21lcmNpYWwlMjBlc3QlQzMlQTElMjBjb21wdWVzdGElMjBwb3IlMjB1biUyMHRvdGFsJTIwZGUlMjAxOSUyMHBlcnNvbmFzJTIweSUyMGVzdGFtb3MlMjBwcmVzZW50ZXMlMjBlbiUyMGxvcyUyMHNpZ3VpZW50ZXMlMjBwYSVDMyVBRHNlcyUzQSUyMEVzcGElQzMlQjFhJTIwJTI4QWxpY2FudGUlMkMlMjBCYXJjZWxvbmElMjB5JTIwTWFkcmlkJTI5JTJDJTIwQWxlbWFuaWElMkMlMjBJdGFsaWElMkMlMjBQb3J0dWdhbCUyQyUyMFR1cnF1JUMzJUFEYSUyQyUyMFRhaWxhbmRpYSUyMHklMjBDaGluYS4lMEElM0MlMkZwJTNF[\/vc_raw_html][\/vc_column][vc_column width=\u00bb1\/6&#8243;][vc_column_text]<br \/>\n[\/vc_column_text][vc_raw_html]JTNDYSUyMGNsYXNzJTNEJTIyY19iXzElMjIlMjBocmVmJTNEJTIyaHR0cCUzQSUyRiUyRm1hcnNlbGxhLnBpY21lZGlhLmVzJTJGZXMlMkZjb250YWN0JTJGJTIyJTNFQ29udCVDMyVBMWN0YW5vcyUzQyUyRmElM0U=<\/p>\n<p>[\/vc_raw_html][\/vc_column][\/vc_row][vc_row][vc_column width=\u00bb1\/1&#8243;]<div class=\"spacer\" style=\"height: 50px;\"><\/div>[vc_column_text]<br \/>\n[\/vc_column_text][\/vc_column][\/vc_row][vc_row bg_color=\u00bb#f7f8f5&#8243;][vc_column width=\u00bb1\/1&#8243;]<div class=\"spacer\" style=\"height: 50px;\"><\/div><h4 class=\"headline font-inherit fontsize-inherit fontweight-400 lh-inherit align-center transform-inherit tit_mapa\" style=\"margin: 0 0 10px 0;\">\nOperador Global<\/p>\n<\/h4>[vc_raw_html]JTNDcCUyMGNsYXNzJTNEJTIycG9zX21hcF90aXRsZSUyMiUzRVNlcnZpY2lvcyUyMGdsb2JhbGVzJTIwZGUlMjBjb25zdWx0b3IlQzMlQURhJTIweSUyMGRpc3RyaWJ1Y2klQzMlQjNuJTIwZGUlMjBwbCVDMyVBMXN0aWNvJTJDJTIwcXUlQzMlQURtaWNvcyUyMHklMjB0ZXh0aWwlM0MlMkZwJTNFJTBBJTBBJTNDZGl2JTIwY2xhc3MlM0QlMjJjb250YWluZXIlMjIlM0UlMEElM0NkaXYlMjBjbGFzcyUzRCUyMnJvdyUyMiUzRSUwQSUzQ2RpdiUyMGNsYXNzJTNEJTIyY29sLW1kLTEwJTIwY29sLW1kLW9mZnNldC0xJTIwY29sLXhzLTEyJTIwY29sLXNtLTEyJTIyJTNFJTNDaW1nJTIwY2xhc3MlM0QlMjJtYXBhJTIyJTIwc3JjJTNEJTIyaHR0cCUzQSUyRiUyRm1hcnNlbGxhZ2xvYmFsLmNvbSUyRndwLWNvbnRlbnQlMkZ1cGxvYWRzJTJGMjAxNSUyRjEyJTJGTWFwYV9tYXJzZWxsYV9iLnBuZyUyMiUyMCUyRiUzRSUzQyUyRmRpdiUzRSUwQSUzQyUyRmRpdiUzRSUwQSUzQyUyRmRpdiUzRQ==[\/vc_raw_html]<div class=\"spacer\" style=\"height: 30px;\"><\/div>[\/vc_column][\/vc_row][vc_row type=\u00bbfull_width_section\u00bb][vc_column animation=\u00bbfade-in-from-left\u00bb bg_image=\u00bb16635&#8243; width=\u00bb1\/3&#8243; el_class=\u00bbcompany_module\u00bb]<div class=\"box clearfix style-3 wpb_content_element\">\n<p>.<\/p>\n<\/div>[\/vc_column][vc_column animation=\u00bbfade-in-from-top\u00bb bg_color=\u00bb#97c21e\u00bb width=\u00bb1\/3&#8243; el_class=\u00bbcompany_module\u00bb]<div class=\"box clearfix style-3 wpb_content_element\">\n<p class=\"pre-tit-company-1\">Siempre preparados<\/p>\n<h3 class=\"tit-company-1\">Toda nuestra organizaci\u00f3n est\u00e1 siempre disponible para atender tus necesidades, los 365 d\u00edas del a\u00f1o.<\/h3>\n<\/div>[\/vc_column][vc_column animation=\u00bbfade-in-from-right\u00bb bg_image=\u00bb16533&#8243; width=\u00bb1\/3&#8243; el_class=\u00bbcompany_module\u00bb]<div class=\"box clearfix style-3 wpb_content_element\">\n<\/div>[\/vc_column][\/vc_row][vc_row type=\u00bbfull_width_section\u00bb][vc_column animation=\u00bbfade-in-from-left\u00bb bg_color=\u00bb#eaeaea\u00bb width=\u00bb1\/3&#8243; el_class=\u00bbcompany_module\u00bb]<div class=\"box clearfix style-3 wpb_content_element\">\n<p class=\"pre-tit-company-2\">Flexibilidad y disponibilidad<\/p>\n<h3 class=\"tit-company-2\">La capacidad y experiencia de nuestro equipo nos permite tener la m\u00e1xima flexibilidad para solucionar tus proyectos.<\/h3>\n<\/div>[\/vc_column][vc_column animation=\u00bbfade-in-from-bottom\u00bb bg_color=\u00bbrgba(151,194,30,0.01)\u00bb bg_image=\u00bb16529&#8243; width=\u00bb1\/3&#8243; el_class=\u00bbcompany_module\u00bb]<div class=\"box clearfix style-3 wpb_content_element\">\n<p>.<\/p>\n<\/div>[\/vc_column][vc_column animation=\u00bbfade-in-from-right\u00bb bg_color=\u00bb#3d3d3d\u00bb width=\u00bb1\/3&#8243; el_class=\u00bbcompany_module\u00bb]<div class=\"box clearfix style-3 wpb_content_element\">\n<p class=\"pre-tit-company-3\">Apoyamos sus proyectos<\/p>\n<h3 class=\"tit-company-3\">Nuestro equipo de ventas, t\u00e9cnicos o desarrolladores trabajan para garantizar la satisfacci\u00f3n de nuestros clientes.<\/h3>\n<\/div>[\/vc_column][\/vc_row]<\/p>\n<\/section>","protected":false},"excerpt":{"rendered":"<p>[vc_row bg_image=\u00bb16589&#8243; class=\u00bbcontacto_head_img\u00bb][vc_column width=\u00bb1\/1&#8243;][\/vc_column][\/vc_row][vc_row][vc_column width=\u00bb1\/1&#8243;][\/vc_column][\/vc_row][vc_row][vc_column width=\u00bb5\/6&#8243;][vc_raw_html]JTNDaDElMjBjbGFzcyUzRCUyMmNfdGl0bCUyMiUzRUVtcHJlc2ElM0MlMkZoMSUzRSUwQSUzQ3AlMjBjbGFzcyUzRCUyMmNvbXBhbnlfcCUyMiUzRU1hcnNlbGxhJTIwR2xvYmFsJTIwc2UlMjBlc3RhYmxlY2klQzMlQjMlMjBlbiUyMDIwMDglMjBjb21vJTIwY29udGludWFkb3JhJTIwZGUlMjBsYXMlMjBhY3RpdmlkYWRlcyUyMGRlJTIwSWJlcmlhbiUyMCUyMEZhaXIlMjBUcmFkaW5nJTJDJTIwcXVlJTIwc2UlMjBpbmljaSVDMyVCMyUyMGVuJTIwMTk5Ni4lM0MlMkZwJTNFJTBBJTNDcCUyMGNsYXNzJTNEJTIyY29tcGFueV9wJTIyJTNFU29tb3MlMjB1bmElMjBlbXByZXNhJTIwY29uJTIwdW5hJTIwbWlzaSVDMyVCM24lMjBkZSUyMHNlcnZpY2lvJTIwZ2xvYmFsJTIwcGFyYSUyMGxvcyUyMGNsaWVudGVzJTIwZGUlMjBsYSUyMEluZHVzdHJpYSUyMGRlbCUyMHBsJUMzJUExc3RpY28lMkMlMjBxdSVDMyVBRG1pY2ElMjB5JTIwdGV4dGlsLiUzQyUyRnAlM0UlMEElM0NwJTIwY2xhc3MlM0QlMjJjb21wYW55X3AlMjIlM0VOdWVzdHJhJTIwb3JpZW50YWNpJUMzJUIzbiUyMGFsJTIwbWVyY2FkbyUyMHNlJTIwYmFzYSUyMGVuJTIwb2ZyZWNlciUyMHByb2R1Y3RvcyUyMGRlJTIwY2FsaWRhZCUyMHklMjBlc3BlY2lhbGlkYWRlcyUyMGRlc2Fycm9sbGFkb3MlMjBlbiUyMGVzdHJlY2hhJTIwY29sYWJvcmFjaSVDMyVCM24lMjBjb24lMjBudWVzdHJvcyUyMGNsaWVudGVzLiUzQyUyRnAlM0UlMEElM0NwJTIwY2xhc3MlM0QlMjJjb21wYW55X3AlMjIlM0VOdWVzdHJhJTIwdm9jYWNpJUMzJUIzbiUyMGRlJTIwc2VydmljaW8lMjBub3MlMjBwZXJtaXRlJTIwZXN0YXIlMjBwcmVzZW50ZXMlMjBlbiUyMGNsaWVudGVzJTIwZGUlMjBjdWFscXVpZXIlMjB0YW1hJUMzJUIxbyUyQyUyMHRhbnRvJTIwZW4lMjBncmFuZGVzJTIwY29tbyUyMCUyMHBlcXVlJUMzJUIxb3MuJTIwQWN0dWFsbWVudGUlMjBhdGVuZGVtb3MlMjBhJTIwbSVDMyVBMXMlMjBkZSUyMDMwMCUyMGNsaWVudGVzJTIwZW4lMjAyMSUyMHBhJUMzJUFEc2VzJTIwZGUlMjBFdXJvcGElMkMlMjBBbSVDMyVBOXJpY2ElMjBkZWwlMjBOb3J0ZSUyQyUyMEFzaWElMjB5JTIwT3JpZW50ZSUyME1lZGlvLiUzQyUyRnAlM0UlMEElMEElMEElMEElM0NwJTIwY2xhc3MlM0QlMjJjb21wYW55X3AlMjIlM0UlM0NzdHJvbmclM0VPcmdhbml6YWNpJUMzJUIzbiUyMGNvbWVyY2lhbCUzQyUyRnN0cm9uZyUzRSUzQyUyRnAlM0UlMEElMEElM0NwJTIwY2xhc3MlM0QlMjJjb21wYW55X3AlMjIlM0VOdWVzdHJhJTIwb3JnYW5pemFjaSVDMyVCM24lMjBjb21lcmNpYWwlMjBlc3QlQzMlQTElMjBjb21wdWVzdGElMjBwb3IlMjB1biUyMHRvdGFsJTIwZGUlMjAxOSUyMHBlcnNvbmFzJTIweSUyMGVzdGFtb3MlMjBwcmVzZW50ZXMlMjBlbiUyMGxvcyUyMHNpZ3VpZW50ZXMlMjBwYSVDMyVBRHNlcyUzQSUyMEVzcGElQzMlQjFhJTIwJTI4QWxpY2FudGUlMkMlMjBCYXJjZWxvbmElMjB5JTIwTWFkcmlkJTI5JTJDJTIwQWxlbWFuaWElMkMlMjBJdGFsaWElMkMlMjBQb3J0dWdhbCUyQyUyMFR1cnF1JUMzJUFEYSUyQyUyMFRhaWxhbmRpYSUyMHklMjBDaGluYS4lMEElM0MlMkZwJTNF[\/vc_raw_html][\/vc_column][vc_column width=\u00bb1\/6&#8243;][vc_column_text] [\/vc_column_text][vc_raw_html]JTNDYSUyMGNsYXNzJTNEJTIyY19iXzElMjIlMjBocmVmJTNEJTIyaHR0cCUzQSUyRiUyRm1hcnNlbGxhLnBpY21lZGlhLmVzJTJGZXMlMkZjb250YWN0JTJGJTIyJTNFQ29udCVDMyVBMWN0YW5vcyUzQyUyRmElM0U= [\/vc_raw_html][\/vc_column][\/vc_row][vc_row][vc_column width=\u00bb1\/1&#8243;][vc_column_text] [\/vc_column_text][\/vc_column][\/vc_row][vc_row bg_color=\u00bb#f7f8f5&#8243;][vc_column width=\u00bb1\/1&#8243;][vc_raw_html]JTNDcCUyMGNsYXNzJTNEJTIycG9zX21hcF90aXRsZSUyMiUzRVNlcnZpY2lvcyUyMGdsb2JhbGVzJTIwZGUlMjBjb25zdWx0b3IlQzMlQURhJTIweSUyMGRpc3RyaWJ1Y2klQzMlQjNuJTIwZGUlMjBwbCVDMyVBMXN0aWNvJTJDJTIwcXUlQzMlQURtaWNvcyUyMHklMjB0ZXh0aWwlM0MlMkZwJTNFJTBBJTBBJTNDZGl2JTIwY2xhc3MlM0QlMjJjb250YWluZXIlMjIlM0UlMEElM0NkaXYlMjBjbGFzcyUzRCUyMnJvdyUyMiUzRSUwQSUzQ2RpdiUyMGNsYXNzJTNEJTIyY29sLW1kLTEwJTIwY29sLW1kLW9mZnNldC0xJTIwY29sLXhzLTEyJTIwY29sLXNtLTEyJTIyJTNFJTNDaW1nJTIwY2xhc3MlM0QlMjJtYXBhJTIyJTIwc3JjJTNEJTIyaHR0cCUzQSUyRiUyRm1hcnNlbGxhZ2xvYmFsLmNvbSUyRndwLWNvbnRlbnQlMkZ1cGxvYWRzJTJGMjAxNSUyRjEyJTJGTWFwYV9tYXJzZWxsYV9iLnBuZyUyMiUyMCUyRiUzRSUzQyUyRmRpdiUzRSUwQSUzQyUyRmRpdiUzRSUwQSUzQyUyRmRpdiUzRQ==[\/vc_raw_html][\/vc_column][\/vc_row][vc_row type=\u00bbfull_width_section\u00bb][vc_column animation=\u00bbfade-in-from-left\u00bb bg_image=\u00bb16635&#8243; width=\u00bb1\/3&#8243; el_class=\u00bbcompany_module\u00bb][\/vc_column][vc_column animation=\u00bbfade-in-from-top\u00bb bg_color=\u00bb#97c21e\u00bb width=\u00bb1\/3&#8243; el_class=\u00bbcompany_module\u00bb][\/vc_column][vc_column animation=\u00bbfade-in-from-right\u00bb bg_image=\u00bb16533&#8243; width=\u00bb1\/3&#8243; el_class=\u00bbcompany_module\u00bb][\/vc_column][\/vc_row][vc_row type=\u00bbfull_width_section\u00bb][vc_column animation=\u00bbfade-in-from-left\u00bb bg_color=\u00bb#eaeaea\u00bb width=\u00bb1\/3&#8243; el_class=\u00bbcompany_module\u00bb][\/vc_column][vc_column animation=\u00bbfade-in-from-bottom\u00bb bg_color=\u00bbrgba(151,194,30,0.01)\u00bb bg_image=\u00bb16529&#8243; width=\u00bb1\/3&#8243; el_class=\u00bbcompany_module\u00bb][\/vc_column][vc_column animation=\u00bbfade-in-from-right\u00bb bg_color=\u00bb#3d3d3d\u00bb width=\u00bb1\/3&#8243; el_class=\u00bbcompany_module\u00bb][\/vc_column][\/vc_row]<\/p>\n","protected":false},"author":1,"featured_media":0,"parent":0,"menu_order":0,"comment_status":"closed","ping_status":"closed","template":"","meta":[],"_links":{"self":[{"href":"https:\/\/marsellaglobal.com\/es\/wp-json\/wp\/v2\/pages\/15909"}],"collection":[{"href":"https:\/\/marsellaglobal.com\/es\/wp-json\/wp\/v2\/pages"}],"about":[{"href":"https:\/\/marsellaglobal.com\/es\/wp-json\/wp\/v2\/types\/page"}],"author":[{"embeddable":true,"href":"https:\/\/marsellaglobal.com\/es\/wp-json\/wp\/v2\/users\/1"}],"replies":[{"embeddable":true,"href":"https:\/\/marsellaglobal.com\/es\/wp-json\/wp\/v2\/comments?post=15909"}],"version-history":[{"count":34,"href":"https:\/\/marsellaglobal.com\/es\/wp-json\/wp\/v2\/pages\/15909\/revisions"}],"predecessor-version":[{"id":18631,"href":"https:\/\/marsellaglobal.com\/es\/wp-json\/wp\/v2\/pages\/15909\/revisions\/18631"}],"wp:attachment":[{"href":"https:\/\/marsellaglobal.com\/es\/wp-json\/wp\/v2\/media?parent=15909"}],"curies":[{"name":"wp","href":"https:\/\/api.w.org\/{rel}","templated":true}]}}