{"id":15800,"date":"2015-12-07T15:56:32","date_gmt":"2015-12-07T15:56:32","guid":{"rendered":"http:\/\/marsellaglobal.com\/es\/plastic-compound\/"},"modified":"2016-03-07T14:51:21","modified_gmt":"2016-03-07T14:51:21","slug":"plastic-compound","status":"publish","type":"page","link":"https:\/\/marsellaglobal.com\/es\/plastic-compound\/","title":{"rendered":"Compuestos pl\u00e1sticos a medida"},"content":{"rendered":"<div class=\"container service-single-container\">\n<div class=\"row\">\n<div class=\"col-md-4\"><img decoding=\"async\" class=\"product_image\" src=\"http:\/\/marsellaglobal.com\/wp-content\/uploads\/2016\/01\/Marsella_Servicios_Industrias_0000_Dollarphotoclub_59400835.jpg\" alt=\"\" \/><\/div>\n<div class=\"col-md-4\"><img decoding=\"async\" class=\"product_image\" src=\"http:\/\/marsellaglobal.com\/wp-content\/uploads\/2016\/01\/Marsella_Servicios_Industrias_0002_Dollarphotoclub_501240721.jpg\" alt=\"\" \/><\/div>\n<div class=\"col-md-4\"><img decoding=\"async\" class=\"product_image\" src=\"http:\/\/marsellaglobal.com\/wp-content\/uploads\/2016\/01\/Marsella_Servicios_Industrias_0001_Dollarphotoclub_59400766.jpg\" alt=\"\" \/><\/div>\n<div class=\"col-md-12\">\n<h2>Compuestos pl\u00e1sticos a medida<\/h2>\n<p>Adem\u00e1s de nuestra actividad como distribuidores de granzas de pl\u00e1stico base,  una de nuestras especialidades es la fabricaci\u00f3n de compuestos pl\u00e1sticos de ingenier\u00eda para cualquier tipo de uso final o aplicaci\u00f3n, de acuerdo con las necesidades espec\u00edficas de nuestros clientes.<br \/>\n<a href=\"http:\/\/marsellaglobal.com\/es\/contact\/\">Cont\u00e1ctanos<\/a><\/p>\n<\/div>\n<\/div>\n<\/div>\n","protected":false},"excerpt":{"rendered":"<p>Compuestos pl\u00e1sticos a medida Adem\u00e1s de nuestra actividad como distribuidores de granzas de pl\u00e1stico base, una de nuestras especialidades es la fabricaci\u00f3n de compuestos pl\u00e1sticos de ingenier\u00eda para cualquier tipo de uso final o aplicaci\u00f3n, de acuerdo con las necesidades espec\u00edficas de nuestros clientes. Cont\u00e1ctanos<\/p>\n","protected":false},"author":1,"featured_media":0,"parent":0,"menu_order":0,"comment_status":"closed","ping_status":"closed","template":"","meta":[],"_links":{"self":[{"href":"https:\/\/marsellaglobal.com\/es\/wp-json\/wp\/v2\/pages\/15800"}],"collection":[{"href":"https:\/\/marsellaglobal.com\/es\/wp-json\/wp\/v2\/pages"}],"about":[{"href":"https:\/\/marsellaglobal.com\/es\/wp-json\/wp\/v2\/types\/page"}],"author":[{"embeddable":true,"href":"https:\/\/marsellaglobal.com\/es\/wp-json\/wp\/v2\/users\/1"}],"replies":[{"embeddable":true,"href":"https:\/\/marsellaglobal.com\/es\/wp-json\/wp\/v2\/comments?post=15800"}],"version-history":[{"count":11,"href":"https:\/\/marsellaglobal.com\/es\/wp-json\/wp\/v2\/pages\/15800\/revisions"}],"predecessor-version":[{"id":16869,"href":"https:\/\/marsellaglobal.com\/es\/wp-json\/wp\/v2\/pages\/15800\/revisions\/16869"}],"wp:attachment":[{"href":"https:\/\/marsellaglobal.com\/es\/wp-json\/wp\/v2\/media?parent=15800"}],"curies":[{"name":"wp","href":"https:\/\/api.w.org\/{rel}","templated":true}]}}