{"id":15797,"date":"2015-12-07T15:54:01","date_gmt":"2015-12-07T15:54:01","guid":{"rendered":"http:\/\/marsellaglobal.com\/es\/distribution\/"},"modified":"2021-12-16T09:35:08","modified_gmt":"2021-12-16T09:35:08","slug":"distribution","status":"publish","type":"page","link":"https:\/\/marsellaglobal.com\/es\/distribution\/","title":{"rendered":"Distribuci\u00f3n"},"content":{"rendered":"<div class=\"container service-single-container\">\n<div class=\"row\">\n<div class=\"col-md-4\"><img decoding=\"async\" class=\"product_image\" src=\"http:\/\/marsellaglobal.com\/wp-content\/uploads\/2016\/01\/Marsella_Servicios_Industria_0005_Dollarphotoclub_18607589.jpg\" alt=\"\" \/><\/div>\n<div class=\"col-md-4\"><img decoding=\"async\" class=\"product_image\" src=\"http:\/\/marsellaglobal.com\/wp-content\/uploads\/2016\/01\/Marsella_Servicios_Industria_0004_Dollarphotoclub_53640436.jpg\" alt=\"\" \/><\/div>\n<div class=\"col-md-4\"><img decoding=\"async\" class=\"product_image\" src=\"http:\/\/marsellaglobal.com\/wp-content\/uploads\/2016\/01\/Marsella_Servicios_Industria_0003_Dollarphotoclub_81059009.jpg\" alt=\"\" \/><\/div>\n<div class=\"col-md-12\">\n<h2>Distribuci\u00f3n<\/h2>\n<p>En Marsella Global acumulamos m\u00e1s de 25 a\u00f1os de experiencia en la distribuci\u00f3n de productos qu\u00edmicos, pl\u00e1sticos, hilos y fibras sint\u00e9ticas de los m\u00e1s prestigiosas productoras mundiales.<\/p>\n<p><a href=\"http:\/\/marsellaglobal.com\/es\/contact\/\">Cont\u00e1ctanos<\/a><\/p>\n<\/div>\n<\/div>\n<\/div>\n","protected":false},"excerpt":{"rendered":"<p>Distribuci\u00f3n En Marsella Global acumulamos m\u00e1s de 25 a\u00f1os de experiencia en la distribuci\u00f3n de productos qu\u00edmicos, pl\u00e1sticos, hilos y fibras sint\u00e9ticas de los m\u00e1s prestigiosas productoras mundiales. Cont\u00e1ctanos<\/p>\n","protected":false},"author":1,"featured_media":0,"parent":0,"menu_order":0,"comment_status":"closed","ping_status":"closed","template":"","meta":[],"_links":{"self":[{"href":"https:\/\/marsellaglobal.com\/es\/wp-json\/wp\/v2\/pages\/15797"}],"collection":[{"href":"https:\/\/marsellaglobal.com\/es\/wp-json\/wp\/v2\/pages"}],"about":[{"href":"https:\/\/marsellaglobal.com\/es\/wp-json\/wp\/v2\/types\/page"}],"author":[{"embeddable":true,"href":"https:\/\/marsellaglobal.com\/es\/wp-json\/wp\/v2\/users\/1"}],"replies":[{"embeddable":true,"href":"https:\/\/marsellaglobal.com\/es\/wp-json\/wp\/v2\/comments?post=15797"}],"version-history":[{"count":16,"href":"https:\/\/marsellaglobal.com\/es\/wp-json\/wp\/v2\/pages\/15797\/revisions"}],"predecessor-version":[{"id":18638,"href":"https:\/\/marsellaglobal.com\/es\/wp-json\/wp\/v2\/pages\/15797\/revisions\/18638"}],"wp:attachment":[{"href":"https:\/\/marsellaglobal.com\/es\/wp-json\/wp\/v2\/media?parent=15797"}],"curies":[{"name":"wp","href":"https:\/\/api.w.org\/{rel}","templated":true}]}}