{"id":15611,"date":"2015-12-07T11:01:21","date_gmt":"2015-12-07T11:01:21","guid":{"rendered":"http:\/\/marsellaglobal.com\/textil\/?lang=es"},"modified":"2021-12-16T10:39:02","modified_gmt":"2021-12-16T10:39:02","slug":"textil","status":"publish","type":"page","link":"https:\/\/marsellaglobal.com\/es\/textil\/","title":{"rendered":"Textil"},"content":{"rendered":"<section class=\"wpb-content-wrapper\"><p>[vc_row class=\u00bbficha_producto\u00bb][vc_column width=\u00bb1\/2&#8243;][vc_column_text]<\/p>\n<h2>Textil<\/h2>\n<p class=\"subtit_serv\">En nuestro portafolio disponemos de hilos de alta tenacidad para todo tipo de aplicaciones t\u00e9cnicas, as\u00ed como de un hilo extraordinaria tenacidad (UHMWPE) para aplicaciones finales muy especiales.<\/p>\n<p>[\/vc_column_text][vc_row_inner el_id=\u00bbcaracteristicass\u00bb][vc_column_inner el_class=\u00bbcas\u00bb width=\u00bb1\/2&#8243;][vc_column_text]<\/p>\n<div class=\"section\">\n<p><strong>Hilo de poli\u00e9ster alta tenacidad<\/strong><\/p>\n<p class=\"caracteristica_prod\">Cintas transportadoras<\/p>\n<p class=\"caracteristica_prod\">Cinturones de seguridad<\/p>\n<p class=\"caracteristica_prod\">Correas de transmisi\u00f3n<\/p>\n<p class=\"caracteristica_prod\">Cuerdas<\/p>\n<p class=\"caracteristica_prod\">Eslingas<\/p>\n<p class=\"caracteristica_prod\">Geo Textiles<\/p>\n<p class=\"caracteristica_prod\">Mangueras<\/p>\n<p class=\"caracteristica_prod\">Neum\u00e1ticos<\/p>\n<p class=\"caracteristica_prod\">Tejidos industriales<\/p>\n<\/div>\n<p>[\/vc_column_text][\/vc_column_inner][vc_column_inner el_class=\u00bbcas\u00bb width=\u00bb1\/2&#8243;][vc_column_text]<\/p>\n<div class=\"section\">\n<p><strong>Hilo de poliamida alta tenacidad<\/strong><\/p>\n<p class=\"caracteristica_prod\">Cuerdas<\/p>\n<p class=\"caracteristica_prod\">Hilos y redes de pesca<\/p>\n<p class=\"caracteristica_prod\">Neum\u00e1ticos<\/p>\n<p class=\"caracteristica_prod\">Tejidos industriales<\/p>\n<\/div>\n<p>[\/vc_column_text][\/vc_column_inner][vc_column_inner][vc_column_text]<\/p>\n<div class=\"section\">\n<p><strong>Hilos y Fibras de UHMWPE | Principales aplicaciones<\/strong><\/p>\n<p class=\"caracteristica_prod_fiber\">Protecci\u00f3n personal<\/p>\n<p class=\"caracteristica_prod_fiber_min\">(Chalecos Antibalas, Mantas antibombas, Cascos para ejercito y polic\u00eda, placa bal\u00edstica)<\/p>\n<p class=\"caracteristica_prod_fiber\">Protecci\u00f3n a prueba de balas<\/p>\n<p class=\"caracteristica_prod_fiber_min\">(Veh\u00edculos blindados, Veh\u00edculo de Polic\u00eda, Naves antiexplosi\u00f3n)<\/p>\n<p class=\"caracteristica_prod_fiber\">Plataformas oce\u00e1nicas<\/p>\n<p class=\"caracteristica_prod_fiber_min\">(Plataformas de perforaci\u00f3n, cables del ancla, cuerdas de remolque, cuerdas de amarre, Cables de Terminal)<\/p>\n<p class=\"caracteristica_prod_fiber\">Aplicaciones Industriales<\/p>\n<p class=\"caracteristica_prod_fiber_min\">(Guantes Resistentes al corte, cables de elevaci\u00f3n, cables de energ\u00eda e\u00f3lica)<\/p>\n<p class=\"caracteristica_prod_fiber\">Ingenier\u00eda Aeroespacial<\/p>\n<p class=\"caracteristica_prod_fiber_min\">(M\u00f3dulo de reentrada del sistema de recuperaci\u00f3n de la nave espacial Shenzhou, Habitaculos naves espaciales)<\/p>\n<p class=\"caracteristica_prod_fiber\">Pesca y Acuicultura<\/p>\n<p class=\"caracteristica_prod_fiber_min\">(Redes de pesca especiales, Redes para acuicultura)<\/p>\n<p class=\"caracteristica_prod_fiber\">Deportes al aire libre<\/p>\n<p class=\"caracteristica_prod_fiber_min\">(Cuerda de escalada, Cuerdas para paraiadas del paraca\u00eddas, Cuerdas n\u00e1uticas y de pesca, hilos de pescar)<\/p>\n<\/div>\n<p>[\/vc_column_text][\/vc_column_inner][\/vc_row_inner][vc_column_text]<\/p>\n<p><a href=\"http:\/\/marsellaglobal.com\/es\/contact\/\">Cont\u00e1ctanos<\/a><\/p>\n<p>[\/vc_column_text][\/vc_column][vc_column width=\u00bb1\/2&#8243;][vc_raw_html]JTNDaW1nJTIwY2xhc3MlM0QlMjJwcm9kdWN0X3NlcnZpY2VfaW1hZ2VfZyUyMiUyMHNyYyUzRCUyMmh0dHAlM0ElMkYlMkZtYXJzZWxsYWdsb2JhbC5jb20lMkZ3cC1jb250ZW50JTJGdXBsb2FkcyUyRjIwMTYlMkYwMSUyRkRvbGxhcnBob3RvY2x1Yl83MjQ5Nzg1Mi5qcGclMjIlMjAlMkYlM0UlMEElM0NpbWclMjBjbGFzcyUzRCUyMnByb2R1Y3Rfc2VydmljZV9pbWFnZV9nX2YlMjIlMjBzcmMlM0QlMjJodHRwJTNBJTJGJTJGbWFyc2VsbGFnbG9iYWwuY29tJTJGd3AtY29udGVudCUyRnVwbG9hZHMlMkYyMDE2JTJGMDElMkZEb2xsYXJwaG90b2NsQVNhc0FTdWJfNzQ2MjUxMDMuanBnJTIyJTIwJTJGJTNFJTBBJTNDaW1nJTIwY2xhc3MlM0QlMjJwcm9kdWN0X3NlcnZpY2VfaW1hZ2VfZ19zJTIyJTIwc3JjJTNEJTIyaHR0cCUzQSUyRiUyRm1hcnNlbGxhZ2xvYmFsLmNvbSUyRndwLWNvbnRlbnQlMkZ1cGxvYWRzJTJGMjAxNiUyRjAxJTJGRG9sbGFycGhvdG9jbHViXzM4MTA0NDk3LmpwZyUyMiUyMCUyRiUzRSUwQQ==[\/vc_raw_html][\/vc_column][\/vc_row]<\/p>\n<\/section>","protected":false},"excerpt":{"rendered":"<p>[vc_row class=\u00bbficha_producto\u00bb][vc_column width=\u00bb1\/2&#8243;][vc_column_text] Textil En nuestro portafolio disponemos de hilos de alta tenacidad para todo tipo de aplicaciones t\u00e9cnicas, as\u00ed como de un hilo extraordinaria tenacidad (UHMWPE) para aplicaciones finales muy especiales. [\/vc_column_text][vc_row_inner el_id=\u00bbcaracteristicass\u00bb][vc_column_inner el_class=\u00bbcas\u00bb width=\u00bb1\/2&#8243;][vc_column_text] Hilo de poli\u00e9ster alta tenacidad Cintas transportadoras Cinturones de seguridad Correas de transmisi\u00f3n Cuerdas Eslingas Geo Textiles Mangueras Neum\u00e1ticos Tejidos industriales [\/vc_column_text][\/vc_column_inner][vc_column_inner el_class=\u00bbcas\u00bb width=\u00bb1\/2&#8243;][vc_column_text] Hilo de poliamida alta tenacidad Cuerdas Hilos y redes de pesca Neum\u00e1ticos Tejidos industriales [\/vc_column_text][\/vc_column_inner][vc_column_inner][vc_column_text] Hilos y Fibras de UHMWPE | Principales aplicaciones Protecci\u00f3n personal (Chalecos Antibalas, Mantas antibombas, Cascos para ejercito y polic\u00eda, placa bal\u00edstica) Protecci\u00f3n a prueba de balas (Veh\u00edculos blindados, Veh\u00edculo de Polic\u00eda, Naves antiexplosi\u00f3n) Plataformas oce\u00e1nicas (Plataformas de perforaci\u00f3n, cables del ancla, cuerdas de remolque, cuerdas de amarre, Cables de Terminal) Aplicaciones Industriales (Guantes Resistentes al corte, cables de elevaci\u00f3n, cables de energ\u00eda e\u00f3lica) Ingenier\u00eda Aeroespacial (M\u00f3dulo de reentrada del sistema de recuperaci\u00f3n de la nave espacial Shenzhou, Habitaculos naves espaciales) Pesca y Acuicultura (Redes de pesca especiales, Redes para acuicultura) Deportes al aire libre (Cuerda de escalada, Cuerdas para paraiadas del paraca\u00eddas, Cuerdas n\u00e1uticas y de pesca, hilos de pescar) [\/vc_column_text][\/vc_column_inner][\/vc_row_inner][vc_column_text] Cont\u00e1ctanos [\/vc_column_text][\/vc_column][vc_column width=\u00bb1\/2&#8243;][vc_raw_html]JTNDaW1nJTIwY2xhc3MlM0QlMjJwcm9kdWN0X3NlcnZpY2VfaW1hZ2VfZyUyMiUyMHNyYyUzRCUyMmh0dHAlM0ElMkYlMkZtYXJzZWxsYWdsb2JhbC5jb20lMkZ3cC1jb250ZW50JTJGdXBsb2FkcyUyRjIwMTYlMkYwMSUyRkRvbGxhcnBob3RvY2x1Yl83MjQ5Nzg1Mi5qcGclMjIlMjAlMkYlM0UlMEElM0NpbWclMjBjbGFzcyUzRCUyMnByb2R1Y3Rfc2VydmljZV9pbWFnZV9nX2YlMjIlMjBzcmMlM0QlMjJodHRwJTNBJTJGJTJGbWFyc2VsbGFnbG9iYWwuY29tJTJGd3AtY29udGVudCUyRnVwbG9hZHMlMkYyMDE2JTJGMDElMkZEb2xsYXJwaG90b2NsQVNhc0FTdWJfNzQ2MjUxMDMuanBnJTIyJTIwJTJGJTNFJTBBJTNDaW1nJTIwY2xhc3MlM0QlMjJwcm9kdWN0X3NlcnZpY2VfaW1hZ2VfZ19zJTIyJTIwc3JjJTNEJTIyaHR0cCUzQSUyRiUyRm1hcnNlbGxhZ2xvYmFsLmNvbSUyRndwLWNvbnRlbnQlMkZ1cGxvYWRzJTJGMjAxNiUyRjAxJTJGRG9sbGFycGhvdG9jbHViXzM4MTA0NDk3LmpwZyUyMiUyMCUyRiUzRSUwQQ==[\/vc_raw_html][\/vc_column][\/vc_row]<\/p>\n","protected":false},"author":1,"featured_media":0,"parent":0,"menu_order":0,"comment_status":"closed","ping_status":"closed","template":"","meta":[],"_links":{"self":[{"href":"https:\/\/marsellaglobal.com\/es\/wp-json\/wp\/v2\/pages\/15611"}],"collection":[{"href":"https:\/\/marsellaglobal.com\/es\/wp-json\/wp\/v2\/pages"}],"about":[{"href":"https:\/\/marsellaglobal.com\/es\/wp-json\/wp\/v2\/types\/page"}],"author":[{"embeddable":true,"href":"https:\/\/marsellaglobal.com\/es\/wp-json\/wp\/v2\/users\/1"}],"replies":[{"embeddable":true,"href":"https:\/\/marsellaglobal.com\/es\/wp-json\/wp\/v2\/comments?post=15611"}],"version-history":[{"count":21,"href":"https:\/\/marsellaglobal.com\/es\/wp-json\/wp\/v2\/pages\/15611\/revisions"}],"predecessor-version":[{"id":18656,"href":"https:\/\/marsellaglobal.com\/es\/wp-json\/wp\/v2\/pages\/15611\/revisions\/18656"}],"wp:attachment":[{"href":"https:\/\/marsellaglobal.com\/es\/wp-json\/wp\/v2\/media?parent=15611"}],"curies":[{"name":"wp","href":"https:\/\/api.w.org\/{rel}","templated":true}]}}