{"id":15608,"date":"2015-12-04T16:58:26","date_gmt":"2015-12-04T16:58:26","guid":{"rendered":"http:\/\/marsellaglobal.com\/polymers\/?lang=es"},"modified":"2021-12-16T10:39:39","modified_gmt":"2021-12-16T10:39:39","slug":"polymers","status":"publish","type":"page","link":"https:\/\/marsellaglobal.com\/es\/polymers\/","title":{"rendered":"Pol\u00edmeros"},"content":{"rendered":"<section class=\"wpb-content-wrapper\"><p>[vc_row class=\u00bbficha_producto\u00bb][vc_column width=\u00bb1\/2&#8243;][vc_column_text]<\/p>\n<h2>Pol\u00edmeros<\/h2>\n<p>Disponemos de una extens\u00edsima gama de pl\u00e1sticos de ingenier\u00eda y commodities, producidos por prestigiosos fabricantes mundiales con el m\u00e1s alto nivel de calidad.[\/vc_column_text][vc_row_inner el_id=\u00bbcaracteristicass\u00bb][vc_column_inner el_class=\u00bbcas\u00bb width=\u00bb1\/2&#8243;][vc_column_text]<\/p>\n<div class=\"section\">\n<p><strong>Commodities<\/strong><\/p>\n<p class=\"caracteristica_prod\">GPPS<\/p>\n<p class=\"caracteristica_prod\">HDPE<\/p>\n<p class=\"caracteristica_prod\">HIPS<\/p>\n<p class=\"caracteristica_prod\">LDPE<\/p>\n<p class=\"caracteristica_prod\">LLDPE<\/p>\n<p class=\"caracteristica_prod\">PET<\/p>\n<p class=\"caracteristica_prod\">PP<\/p>\n<p class=\"caracteristica_prod\">PVC<\/p>\n<\/div>\n<p>[\/vc_column_text][\/vc_column_inner][vc_column_inner el_class=\u00bbcas\u00bb width=\u00bb1\/2&#8243;][vc_column_text]<\/p>\n<div class=\"section\">\n<p><strong>Pl\u00e1sticos de Ingenier\u00eda<\/strong><\/p>\n<p class=\"caracteristica_prod\">ABS<\/p>\n<p class=\"caracteristica_prod\">PA6, 66, 6\/12, 12<\/p>\n<p class=\"caracteristica_prod\">PBT<\/p>\n<p class=\"caracteristica_prod\">PC<\/p>\n<p class=\"caracteristica_prod\">PCTG<\/p>\n<p class=\"caracteristica_prod\">PC\/ABS<\/p>\n<p class=\"caracteristica_prod\">PEEK<\/p>\n<p class=\"caracteristica_prod\">PET\u2019S \u2013 SPECIALTIES<\/p>\n<p class=\"caracteristica_prod\">PETG<\/p>\n<p class=\"caracteristica_prod\">PLA (\u00c1cido polil\u00e1ctico)<\/p>\n<p class=\"caracteristica_prod\">POM<\/p>\n<p class=\"caracteristica_prod\">PTFE<\/p>\n<p class=\"caracteristica_prod\">SAN<\/p>\n<\/div>\n<p>[\/vc_column_text][\/vc_column_inner][\/vc_row_inner][vc_row_inner][vc_column_inner el_class=\u00bbcas\u00bb width=\u00bb1\/2&#8243;][vc_column_text]<\/p>\n<div class=\"section\">\n<p><strong>Reciclados \/ Recuperados<\/strong><\/p>\n<p class=\"caracteristica_prod\">ABS<\/p>\n<p class=\"caracteristica_prod\">GPPS<\/p>\n<p class=\"caracteristica_prod\">HDPE<\/p>\n<p class=\"caracteristica_prod\">HIPS<\/p>\n<p class=\"caracteristica_prod\">LDPE<\/p>\n<p class=\"caracteristica_prod\">PA<\/p>\n<p class=\"caracteristica_prod\">PC<\/p>\n<p class=\"caracteristica_prod\">PE<\/p>\n<p class=\"caracteristica_prod\">PET \u2013 FLAKES<\/p>\n<p class=\"caracteristica_prod\">PP<\/p>\n<p class=\"caracteristica_prod\">RPET<\/p>\n<\/div>\n<p>[\/vc_column_text][\/vc_column_inner][vc_column_inner el_class=\u00bbcas\u00bb width=\u00bb1\/2&#8243;][vc_column_text]<\/p>\n<div class=\"section\">\n<p><strong>Pl\u00e1sticos compounds<\/strong><\/p>\n<p class=\"caracteristica_prod\">ABS<\/p>\n<p class=\"caracteristica_prod\">PA6, 66<\/p>\n<p class=\"caracteristica_prod\">PA\/ABS<\/p>\n<p class=\"caracteristica_prod\">PBT<\/p>\n<p class=\"caracteristica_prod\">PC<\/p>\n<p class=\"caracteristica_prod\">PC\/ABS<\/p>\n<p class=\"caracteristica_prod\">PP<\/p>\n<p class=\"caracteristica_prod\">PPS<\/p>\n<\/div>\n<p>[\/vc_column_text][\/vc_column_inner][\/vc_row_inner][vc_column_text]<\/p>\n<p><a href=\"http:\/\/marsellaglobal.com\/es\/contact\/\">Cont\u00e1ctanos<\/a><\/p>\n<p>[\/vc_column_text][\/vc_column][vc_column width=\u00bb1\/2&#8243;][vc_raw_html]JTNDaW1nJTIwY2xhc3MlM0QlMjJwcm9kdWN0X3NlcnZpY2VfaW1hZ2VfZyUyMiUyMHNyYyUzRCUyMmh0dHAlM0ElMkYlMkZtYXJzZWxsYWdsb2JhbC5jb20lMkZ3cC1jb250ZW50JTJGdXBsb2FkcyUyRjIwMTYlMkYwMSUyRlVudGl0bGVkLTEuanBnJTIyJTIwJTJGJTNFJTBBJTNDaW1nJTIwY2xhc3MlM0QlMjJwcm9kdWN0X3NlcnZpY2VfaW1hZ2VfZ19mJTIyJTIwc3JjJTNEJTIyaHR0cCUzQSUyRiUyRm1hcnNlbGxhZ2xvYmFsLmNvbSUyRndwLWNvbnRlbnQlMkZ1cGxvYWRzJTJGMjAxNiUyRjAyJTJGVW50aXRsZWQtMTQuanBnJTIyJTIwJTJGJTNFJTBBJTNDaW1nJTIwY2xhc3MlM0QlMjJwcm9kdWN0X3NlcnZpY2VfaW1hZ2VfZ19zJTIyJTIwc3JjJTNEJTIyaHR0cCUzQSUyRiUyRm1hcnNlbGxhZ2xvYmFsLmNvbSUyRndwLWNvbnRlbnQlMkZ1cGxvYWRzJTJGMjAxNiUyRjAxJTJGRG9sbGFycGhvdG9jbHViXzI3MTU0NTUwLmpwZyUyMiUyMCUyRiUzRSUwQQ==[\/vc_raw_html][\/vc_column][\/vc_row]<\/p>\n<\/section>","protected":false},"excerpt":{"rendered":"<p>[vc_row class=\u00bbficha_producto\u00bb][vc_column width=\u00bb1\/2&#8243;][vc_column_text] Pol\u00edmeros Disponemos de una extens\u00edsima gama de pl\u00e1sticos de ingenier\u00eda y commodities, producidos por prestigiosos fabricantes mundiales con el m\u00e1s alto nivel de calidad.[\/vc_column_text][vc_row_inner el_id=\u00bbcaracteristicass\u00bb][vc_column_inner el_class=\u00bbcas\u00bb width=\u00bb1\/2&#8243;][vc_column_text] Commodities GPPS HDPE HIPS LDPE LLDPE PET PP PVC [\/vc_column_text][\/vc_column_inner][vc_column_inner el_class=\u00bbcas\u00bb width=\u00bb1\/2&#8243;][vc_column_text] Pl\u00e1sticos de Ingenier\u00eda ABS PA6, 66, 6\/12, 12 PBT PC PCTG PC\/ABS PEEK PET\u2019S \u2013 SPECIALTIES PETG PLA (\u00c1cido polil\u00e1ctico) POM PTFE SAN [\/vc_column_text][\/vc_column_inner][\/vc_row_inner][vc_row_inner][vc_column_inner el_class=\u00bbcas\u00bb width=\u00bb1\/2&#8243;][vc_column_text] Reciclados \/ Recuperados ABS GPPS HDPE HIPS LDPE PA PC PE PET \u2013 FLAKES PP RPET [\/vc_column_text][\/vc_column_inner][vc_column_inner el_class=\u00bbcas\u00bb width=\u00bb1\/2&#8243;][vc_column_text] Pl\u00e1sticos compounds ABS PA6, 66 PA\/ABS PBT PC PC\/ABS PP PPS [\/vc_column_text][\/vc_column_inner][\/vc_row_inner][vc_column_text] Cont\u00e1ctanos [\/vc_column_text][\/vc_column][vc_column width=\u00bb1\/2&#8243;][vc_raw_html]JTNDaW1nJTIwY2xhc3MlM0QlMjJwcm9kdWN0X3NlcnZpY2VfaW1hZ2VfZyUyMiUyMHNyYyUzRCUyMmh0dHAlM0ElMkYlMkZtYXJzZWxsYWdsb2JhbC5jb20lMkZ3cC1jb250ZW50JTJGdXBsb2FkcyUyRjIwMTYlMkYwMSUyRlVudGl0bGVkLTEuanBnJTIyJTIwJTJGJTNFJTBBJTNDaW1nJTIwY2xhc3MlM0QlMjJwcm9kdWN0X3NlcnZpY2VfaW1hZ2VfZ19mJTIyJTIwc3JjJTNEJTIyaHR0cCUzQSUyRiUyRm1hcnNlbGxhZ2xvYmFsLmNvbSUyRndwLWNvbnRlbnQlMkZ1cGxvYWRzJTJGMjAxNiUyRjAyJTJGVW50aXRsZWQtMTQuanBnJTIyJTIwJTJGJTNFJTBBJTNDaW1nJTIwY2xhc3MlM0QlMjJwcm9kdWN0X3NlcnZpY2VfaW1hZ2VfZ19zJTIyJTIwc3JjJTNEJTIyaHR0cCUzQSUyRiUyRm1hcnNlbGxhZ2xvYmFsLmNvbSUyRndwLWNvbnRlbnQlMkZ1cGxvYWRzJTJGMjAxNiUyRjAxJTJGRG9sbGFycGhvdG9jbHViXzI3MTU0NTUwLmpwZyUyMiUyMCUyRiUzRSUwQQ==[\/vc_raw_html][\/vc_column][\/vc_row]<\/p>\n","protected":false},"author":1,"featured_media":0,"parent":0,"menu_order":0,"comment_status":"closed","ping_status":"closed","template":"","meta":[],"_links":{"self":[{"href":"https:\/\/marsellaglobal.com\/es\/wp-json\/wp\/v2\/pages\/15608"}],"collection":[{"href":"https:\/\/marsellaglobal.com\/es\/wp-json\/wp\/v2\/pages"}],"about":[{"href":"https:\/\/marsellaglobal.com\/es\/wp-json\/wp\/v2\/types\/page"}],"author":[{"embeddable":true,"href":"https:\/\/marsellaglobal.com\/es\/wp-json\/wp\/v2\/users\/1"}],"replies":[{"embeddable":true,"href":"https:\/\/marsellaglobal.com\/es\/wp-json\/wp\/v2\/comments?post=15608"}],"version-history":[{"count":25,"href":"https:\/\/marsellaglobal.com\/es\/wp-json\/wp\/v2\/pages\/15608\/revisions"}],"predecessor-version":[{"id":18657,"href":"https:\/\/marsellaglobal.com\/es\/wp-json\/wp\/v2\/pages\/15608\/revisions\/18657"}],"wp:attachment":[{"href":"https:\/\/marsellaglobal.com\/es\/wp-json\/wp\/v2\/media?parent=15608"}],"curies":[{"name":"wp","href":"https:\/\/api.w.org\/{rel}","templated":true}]}}