{"id":15391,"date":"2013-01-06T12:43:15","date_gmt":"2013-01-06T12:43:15","guid":{"rendered":"http:\/\/marsellaglobal.com\/home\/?lang=es"},"modified":"2021-12-16T09:09:10","modified_gmt":"2021-12-16T09:09:10","slug":"home","status":"publish","type":"page","link":"https:\/\/marsellaglobal.com\/es\/","title":{"rendered":"Home: Classic"},"content":{"rendered":"<section class=\"wpb-content-wrapper\"><p>[vc_row type=\u00bbfull_width_section\u00bb bg_position=\u00bbleft top\u00bb][vc_column width=\u00bb1\/1&#8243;][rev_slider_vc alias=\u00bbhome\u00bb][\/vc_column][\/vc_row][vc_row][vc_column width=\u00bb1\/1&#8243;]<div class=\"spacer\" style=\"height: 50px;\"><\/div>[\/vc_column][\/vc_row][vc_row][vc_column width=\u00bb1\/3&#8243;]<div class=\"imagebox wpb_content_element style-2\"><div class='imagebox-img'><a href='http:\/\/marsellaglobal.com\/es\/distribution\/'><img src='https:\/\/marsellaglobal.com\/wp-content\/uploads\/2013\/01\/Comp_53640436.jpg' alt='' \/><\/a><\/div>\n<h3 class=\"titulo_serv_h\">Distribution<\/h3>\n<p>M\u00e1s de 20 a\u00f1os en la distribuci\u00f3n de productos\u00a0qu\u00edmicos, granzas pl\u00e1sticas y fibras e hilos sint\u00e9ticos. Comercializado los productos de las m\u00e1s importantes\u00a0y prestigiosas empresas.<\/p>\n<p><a class=\"b_serv_h\" href=\"http:\/\/marsellaglobal.com\/es\/distribution\/\">M\u00e1s info<\/a><\/div>[\/vc_column][vc_column width=\u00bb1\/3&#8243;]<div class=\"imagebox wpb_content_element style-2\"><div class='imagebox-img'><a href='http:\/\/marsellaglobal.com\/es\/plastic-compound\/'><img src='https:\/\/marsellaglobal.com\/wp-content\/uploads\/2013\/01\/Comp_77895837.jpg' alt='' \/><\/a><\/div>\n<h3 class=\"titulo_serv_h\">Tailor made Compounds<\/h3>\n<p>Una de nuestras especialidades es la fabricaci\u00f3n de\u00a0compuestos pl\u00e1sticos t\u00e9cnicos para cualquier tipo de\u00a0uso final o aplicaci\u00f3n, de acuerdo con las necesidades\u00a0espec\u00edficas de nuestros clientes.<\/p>\n<p><a class=\"b_serv_h\" href=\"http:\/\/marsellaglobal.com\/es\/plastic-compound\/\">M\u00e1s info<\/a><\/div>[\/vc_column][vc_column width=\u00bb1\/3&#8243;]<div class=\"imagebox wpb_content_element style-2\"><div class='imagebox-img'><a href='http:\/\/marsellaglobal.com\/es\/international-consulting\/'><img src='https:\/\/marsellaglobal.com\/wp-content\/uploads\/2013\/01\/Comp_87683432.jpg' alt='' \/><\/a><\/div>\n<h3 class=\"titulo_serv_h\">International Consulting<\/h3>\n<p>La dilatada experiencia y la trayectoria profesional\u00a0de nuestro equipo humano, nos permite atender\u00a0cualquier petici\u00f3n de consulting para empresas\u00a0nacionales e internacionales.<\/p>\n<p><a class=\"b_serv_h\" href=\"http:\/\/marsellaglobal.com\/es\/international-consulting\/\">M\u00e1s info<\/a><\/div>[\/vc_column][\/vc_row][vc_row][vc_column width=\u00bb1\/1&#8243;]<div class=\"spacer\" style=\"height: 50px;\"><\/div>[\/vc_column][\/vc_row][vc_row bg_image=\u00bb16545&#8243; parallax_bg=\u00bbtrue\u00bb row_id=\u00bbparalax_home_1&#8243;][vc_column width=\u00bb1\/4&#8243;]<div class=\"spacer\" style=\"height: 171px;\"><\/div><h3 class=\"headline font-inherit fontsize-inherit fontweight-400 lh-inherit align-left transform-inherit titulo_especial\" style=\"margin: 0 0 20px 0;\">Siempre preparados para atender tus peticiones<\/p>\n<\/h3><div class=\"spacer\" style=\"height: 91px;\"><\/div>[vc_column_text]<br \/>\n[\/vc_column_text][\/vc_column][vc_column width=\u00bb3\/4&#8243;]<div class=\"spacer\" style=\"height: 171px;\"><\/div>[vc_raw_html]JTNDcCUyMGNsYXNzJTNEJTIydGV4dG9fcF9oJTIyJTNFVG9kYSUyMG51ZXN0cmElMjBvcmdhbml6YWNpJUMzJUIzbiUyMGVzdCVDMyVBMSUyMHByZXBhcmFkYSUyMHBhcmElMjBzYXRpc2ZhY2VyJTIwdHVzJTIwbmVjZXNpZGFkZXMlMjBsb3MlMjAzNjUlMjBkJUMzJUFEYXMlMjBkZWwlMjBhJUMzJUIxby4lMjBMYSUyMGZvcm1hY2klQzMlQjNuJTIweSUyMGV4cGVyaWVuY2lhJTIwZGUlMjBudWVzdHJvJTIwZXF1aXBvJTIwbm9zJTIwcGVybWl0ZSUyMGxhJTIwbSVDMyVBMXhpbWElMjBmbGV4aWJpbGlkYWQlMjB5JTIwZGlzcG9uaWJpbGlkYWQlMjBwYXJhJTIwcmVzb2x2ZXIlMjB0dXMlMjBwcm95ZWN0b3MuJTIwTnVlc3Ryb3MlMjBlcXVpcG9zJTIwZGUlMjB2ZW50YXMlMkMlMjB0JUMzJUE5Y25pY29zJTJDJTIwZGVzYXJyb2xsb3MlMkMlMjBldGMuJTIwYXBvcnRhbiUyMHN1JTIwc2FiZXIlMjBoYWNlciUyMHBhcmElMjBjb25zZWd1aXIlMjBsYSUyMHBsZW5hJTIwc2F0aXNmYWNjaSVDMyVCM24lMjBkZWwlMjBjbGllbnRlLiUzQyUyRnAlM0UlMEElM0NhJTIwY2xhc3MlM0QlMjJwYXJhbGF4X2IlMjIlMjBocmVmJTNEJTIyaHR0cHMlM0ElMkYlMkZtYXJzZWxsYWdsb2JhbC5jb20lMkZlcyUyRmNvbnRhY3QlMkYlMjIlM0VDb250JUMzJUExY3Rhbm9zJTNDJTJGYSUzRQ==[\/vc_raw_html]<div class=\"spacer\" style=\"height: 91px;\"><\/div>[\/vc_column][\/vc_row][vc_row class=\u00bbindustrias_home\u00bb][vc_column width=\u00bb1\/1&#8243;]<div class=\"spacer\" style=\"height: 50px;\"><\/div><h3 class=\"headline font-inherit fontsize-inherit fontweight-400 lh-inherit align-center transform-inherit titulo_news\" style=\"margin: 0 0 20px 0;\">Industrias<\/p>\n<\/h3>\n\t<div class=\"portfolio-element\">\n\n\t\n\t\t\t<div class=\"container\">\n\t\n\t\t\t\t<div id=\"1016922467\" class=\"portfolio-items portfolio-grid portfolio-overlay-name clearfix\" data-id=\"1016922467\">  \n\t\t\t\t\t\n\t\t\t\t\t\t\n\t\t\t\t\t\t\n\t\t\t\t\t\n\t\t\t\t\t\t\t\t\t\t\t\t\t\t\n\t\t\t\t\t\t\t   \n\n\t\t\t\t\t\t\t<div class=\"term-animation-es term-design-es portfolio-item four columns\">\n\t\t\t\t\t\t\t\t<div class=\"portfolio-image\"><div class=\"capa_degree\"><\/div><a href=\"https:\/\/marsellaglobal.com\/es\/industrias\/packaging\/\" title=\"Envase y Embalaje\"><div class=\"portfolio-image-img\"><img src=\"https:\/\/marsellaglobal.com\/wp-content\/uploads\/2014\/12\/Industrias_Home_0006_Dollarphotoclub_90090679.jpg\" alt=\"\" \/><\/div><div class=\"portfolio-overlay overlay-name\"><span>Envase y Embalaje<\/span><i class=\"icon-minti-plus\"><\/i><\/div><\/a><\/div>\n\t\t\t\t\t\t\t\t\n\t\t\t\t\t\t\t\t<div class=\"coletilla\">Alimentaci\u00f3n, bebidas, cosm\u00e9ticos y farmacia<\/div>\n\t\t\t\t\t\t\t<\/div>\n\n\t\t\t\t\t\t\t\t\t\t  \n\t\t\t\t\t\n\t\t\t\t\t\t\n\t\t\t\t\t\t\n\t\t\t\t\t\n\t\t\t\t\t\t\t\t\t\t\t\t\t\t\n\t\t\t\t\t\t\t   \n\n\t\t\t\t\t\t\t<div class=\"term-design-es portfolio-item four columns\">\n\t\t\t\t\t\t\t\t<div class=\"portfolio-image\"><div class=\"capa_degree\"><\/div><a href=\"https:\/\/marsellaglobal.com\/es\/industrias\/sector-industrial\/\" title=\"Sector Industrial\"><div class=\"portfolio-image-img\"><img src=\"https:\/\/marsellaglobal.com\/wp-content\/uploads\/2014\/09\/Industrias_Home_0000_Dollarphotoclub_93652155.jpg\" alt=\"\" \/><\/div><div class=\"portfolio-overlay overlay-name\"><span>Sector Industrial<\/span><i class=\"icon-minti-plus\"><\/i><\/div><\/a><\/div>\n\t\t\t\t\t\t\t\t\n\t\t\t\t\t\t\t\t<div class=\"coletilla\">Automoci\u00f3n, electrodom\u00e9sticos y sectores industriales<\/div>\n\t\t\t\t\t\t\t<\/div>\n\n\t\t\t\t\t\t\t\t\t\t  \n\t\t\t\t\t\n\t\t\t\t\t\t\n\t\t\t\t\t\t\n\t\t\t\t\t\n\t\t\t\t\t\t\t\t\t\t\t\t\t\t\n\t\t\t\t\t\t\t   \n\n\t\t\t\t\t\t\t<div class=\"term-architecture-es term-design-es portfolio-item four columns\">\n\t\t\t\t\t\t\t\t<div class=\"portfolio-image\"><div class=\"capa_degree\"><\/div><a href=\"https:\/\/marsellaglobal.com\/es\/industrias\/homeware\/\" title=\"Art\u00edculos para el hogar\"><div class=\"portfolio-image-img\"><img src=\"https:\/\/marsellaglobal.com\/wp-content\/uploads\/2014\/12\/Industrias_Home_0003_Dollarphotoclub_25850874.jpg\" alt=\"\" \/><\/div><div class=\"portfolio-overlay overlay-name\"><span>Art\u00edculos para el hogar<\/span><i class=\"icon-minti-plus\"><\/i><\/div><\/a><\/div>\n\t\t\t\t\t\t\t\t\n\t\t\t\t\t\t\t\t<div class=\"coletilla\">Compuestos a medida para art\u00edculos del hogar<\/div>\n\t\t\t\t\t\t\t<\/div>\n\n\t\t\t\t\t\t\t\t\t\t  \n\t\t\t\t\t\n\t\t\t\t\t\t\n\t\t\t\t\t\t\n\t\t\t\t\t\n\t\t\t\t\t\t\t\t\t\t\t\t\t\t\n\t\t\t\t\t\t\t   \n\n\t\t\t\t\t\t\t<div class=\"term-architecture-es term-photography-es term-web-development-es portfolio-item four columns\">\n\t\t\t\t\t\t\t\t<div class=\"portfolio-image\"><div class=\"capa_degree\"><\/div><a href=\"https:\/\/marsellaglobal.com\/es\/industrias\/textil\/\" title=\"Textil\"><div class=\"portfolio-image-img\"><img src=\"https:\/\/marsellaglobal.com\/wp-content\/uploads\/2014\/03\/Industrias_Home_0010_Background.jpg\" alt=\"\" \/><\/div><div class=\"portfolio-overlay overlay-name\"><span>Textil<\/span><i class=\"icon-minti-plus\"><\/i><\/div><\/a><\/div>\n\t\t\t\t\t\t\t\t\n\t\t\t\t\t\t\t\t<div class=\"coletilla\">Seguridad personal y aplicaciones industriales<\/div>\n\t\t\t\t\t\t\t<\/div>\n\n\t\t\t\t\t\t\t\t\t\t  \n\t\t\t\t\t\t\t\t\t<\/div>\n\n\t\t\t<\/div>\n\t\n\t<\/div>\n\t\t\n\t<div class=\"spacer\" style=\"height: 50px;\"><\/div>[\/vc_column][\/vc_row][vc_row bg_color=\u00bb#f7f8f5&#8243;][vc_column width=\u00bb1\/1&#8243;]<div class=\"spacer\" style=\"height: 50px;\"><\/div><h3 class=\"headline font-inherit fontsize-inherit fontweight-400 lh-inherit align-center transform-inherit titulo_news\" style=\"margin: 0 0 20px 0;\">Noticias<br \/>\n<\/h3><div class=\"latest-blog horizontal clearfix\"><div class=\"latest-blog-list horizontal vc_col-sm-3 clearfix wpb_content_element\">\n\t\t\t\t\t\t\t<div class=\"blog-list-item-date\">18<span>Mar<\/span><\/div>\n\t\t\t\t\t\t  \t<div class=\"blog-list-item-description\">\n\t\t\t\t\t\t\t\t<h4><a href=\"https:\/\/marsellaglobal.com\/es\/nueva-colaboracion-estrategica-con-elsewedy-polymers\/\" title=\"Nueva colaboraci\u00f3n estrat\u00e9gica con Elsewedy Polymers\">Nueva colaboraci\u00f3n estrat\u00e9gica con Elsewedy Polymers<\/a><\/h4>\n\t\t\t\t\t\t\t\t<div class=\"fecha_post\">18 marzo, 2026 \u00b7 <\/div>\n\t\t\t\t\t\t\t\t<div class=\"categories_post\"><ul class=\"post-categories\">\n\t<li><a href=\"https:\/\/marsellaglobal.com\/es\/category\/plasticos-tecnicos\/\" rel=\"category tag\">PLASTICOS TECNICOS<\/a><\/li>\n\t<li><a href=\"https:\/\/marsellaglobal.com\/es\/category\/pvc\/\" rel=\"category tag\">PVC<\/a><\/li>\n\t<li><a href=\"https:\/\/marsellaglobal.com\/es\/category\/sin-categorizar\/\" rel=\"category tag\">Sin categorizar<\/a><\/li><\/ul><\/div>\n\t\t\t\t\t\t\t  \t<div class=\"blog-list-item-excerpt\"> <span class=\"punticos\">...<\/span> <a href=\"https:\/\/marsellaglobal.com\/es\/nueva-colaboracion-estrategica-con-elsewedy-polymers\/\">Leer m\u00e1s &raquo; <\/a><\/div>\n\t\t\t\t\t\t\t<\/div>\n\t\t\t\t\t  \t<\/div><div class=\"latest-blog-list horizontal vc_col-sm-3 clearfix wpb_content_element\">\n\t\t\t\t\t\t\t<div class=\"blog-list-item-date\">20<span>Feb<\/span><\/div>\n\t\t\t\t\t\t  \t<div class=\"blog-list-item-description\">\n\t\t\t\t\t\t\t\t<h4><a href=\"https:\/\/marsellaglobal.com\/es\/resumen-2025\/\" title=\"RESUMEN 2025\">RESUMEN 2025<\/a><\/h4>\n\t\t\t\t\t\t\t\t<div class=\"fecha_post\">20 febrero, 2026 \u00b7 <\/div>\n\t\t\t\t\t\t\t\t<div class=\"categories_post\"><ul class=\"post-categories\">\n\t<li><a href=\"https:\/\/marsellaglobal.com\/es\/category\/brent\/\" rel=\"category tag\">BRENT<\/a><\/li>\n\t<li><a href=\"https:\/\/marsellaglobal.com\/es\/category\/meg\/\" rel=\"category tag\">MEG<\/a><\/li>\n\t<li><a href=\"https:\/\/marsellaglobal.com\/es\/category\/news-es\/\" rel=\"category tag\">News<\/a><\/li>\n\t<li><a href=\"https:\/\/marsellaglobal.com\/es\/category\/pet-es-2\/\" rel=\"category tag\">PET<\/a><\/li>\n\t<li><a href=\"https:\/\/marsellaglobal.com\/es\/category\/pta-2\/\" rel=\"category tag\">PTA<\/a><\/li>\n\t<li><a href=\"https:\/\/marsellaglobal.com\/es\/category\/px-2\/\" rel=\"category tag\">PX<\/a><\/li>\n\t<li><a href=\"https:\/\/marsellaglobal.com\/es\/category\/sin-categorizar\/\" rel=\"category tag\">Sin categorizar<\/a><\/li><\/ul><\/div>\n\t\t\t\t\t\t\t  \t<div class=\"blog-list-item-excerpt\">Bolet\u00edn: 182 Fecha: \u00a0 18 de febrero de 2025 \u00a0 PET 2025 \u00a0Tama\u00f1o y estructura del mercado PET en Europa (2025) Europa repr <span class=\"punticos\">...<\/span> <a href=\"https:\/\/marsellaglobal.com\/es\/resumen-2025\/\">Leer m\u00e1s &raquo; <\/a><\/div>\n\t\t\t\t\t\t\t<\/div>\n\t\t\t\t\t  \t<\/div><div class=\"latest-blog-list horizontal vc_col-sm-3 clearfix wpb_content_element\">\n\t\t\t\t\t\t\t<div class=\"blog-list-item-date\">16<span>Dic<\/span><\/div>\n\t\t\t\t\t\t  \t<div class=\"blog-list-item-description\">\n\t\t\t\t\t\t\t\t<h4><a href=\"https:\/\/marsellaglobal.com\/es\/fin-2025\/\" title=\"FIN 2025\">FIN 2025<\/a><\/h4>\n\t\t\t\t\t\t\t\t<div class=\"fecha_post\">16 diciembre, 2025 \u00b7 <\/div>\n\t\t\t\t\t\t\t\t<div class=\"categories_post\"><ul class=\"post-categories\">\n\t<li><a href=\"https:\/\/marsellaglobal.com\/es\/category\/bisfenol-a\/\" rel=\"category tag\">BISFENOL A<\/a><\/li>\n\t<li><a href=\"https:\/\/marsellaglobal.com\/es\/category\/brent\/\" rel=\"category tag\">BRENT<\/a><\/li>\n\t<li><a href=\"https:\/\/marsellaglobal.com\/es\/category\/meg\/\" rel=\"category tag\">MEG<\/a><\/li>\n\t<li><a href=\"https:\/\/marsellaglobal.com\/es\/category\/news-es\/\" rel=\"category tag\">News<\/a><\/li>\n\t<li><a href=\"https:\/\/marsellaglobal.com\/es\/category\/pet-es-2\/\" rel=\"category tag\">PET<\/a><\/li>\n\t<li><a href=\"https:\/\/marsellaglobal.com\/es\/category\/pla\/\" rel=\"category tag\">PLA<\/a><\/li>\n\t<li><a href=\"https:\/\/marsellaglobal.com\/es\/category\/plasticos-tecnicos\/\" rel=\"category tag\">PLASTICOS TECNICOS<\/a><\/li>\n\t<li><a href=\"https:\/\/marsellaglobal.com\/es\/category\/pta-2\/\" rel=\"category tag\">PTA<\/a><\/li>\n\t<li><a href=\"https:\/\/marsellaglobal.com\/es\/category\/px-2\/\" rel=\"category tag\">PX<\/a><\/li>\n\t<li><a href=\"https:\/\/marsellaglobal.com\/es\/category\/sin-categoria-es\/\" rel=\"category tag\">Sin categor\u00eda<\/a><\/li>\n\t<li><a href=\"https:\/\/marsellaglobal.com\/es\/category\/sin-categorizar\/\" rel=\"category tag\">Sin categorizar<\/a><\/li><\/ul><\/div>\n\t\t\t\t\t\t\t  \t<div class=\"blog-list-item-excerpt\">Bolet\u00edn: 181 Fecha:\u00a0 \u00a016 de diciembre de 2025 \u00a0 Materias Primas Pl\u00e1sticas en Europa\u00a0 &#8211; Diciembre 2025 En las \u00falt <span class=\"punticos\">...<\/span> <a href=\"https:\/\/marsellaglobal.com\/es\/fin-2025\/\">Leer m\u00e1s &raquo; <\/a><\/div>\n\t\t\t\t\t\t\t<\/div>\n\t\t\t\t\t  \t<\/div><\/div><div class=\"spacer\" style=\"height: 50px;\"><\/div>[\/vc_column][\/vc_row]<\/p>\n<\/section>","protected":false},"excerpt":{"rendered":"<p>[vc_row type=\u00bbfull_width_section\u00bb bg_position=\u00bbleft top\u00bb][vc_column width=\u00bb1\/1&#8243;][rev_slider_vc alias=\u00bbhome\u00bb][\/vc_column][\/vc_row][vc_row][vc_column width=\u00bb1\/1&#8243;][\/vc_column][\/vc_row][vc_row][vc_column width=\u00bb1\/3&#8243;][\/vc_column][vc_column width=\u00bb1\/3&#8243;][\/vc_column][vc_column width=\u00bb1\/3&#8243;][\/vc_column][\/vc_row][vc_row][vc_column width=\u00bb1\/1&#8243;][\/vc_column][\/vc_row][vc_row bg_image=\u00bb16545&#8243; parallax_bg=\u00bbtrue\u00bb row_id=\u00bbparalax_home_1&#8243;][vc_column width=\u00bb1\/4&#8243;][vc_column_text] [\/vc_column_text][\/vc_column][vc_column width=\u00bb3\/4&#8243;][vc_raw_html]JTNDcCUyMGNsYXNzJTNEJTIydGV4dG9fcF9oJTIyJTNFVG9kYSUyMG51ZXN0cmElMjBvcmdhbml6YWNpJUMzJUIzbiUyMGVzdCVDMyVBMSUyMHByZXBhcmFkYSUyMHBhcmElMjBzYXRpc2ZhY2VyJTIwdHVzJTIwbmVjZXNpZGFkZXMlMjBsb3MlMjAzNjUlMjBkJUMzJUFEYXMlMjBkZWwlMjBhJUMzJUIxby4lMjBMYSUyMGZvcm1hY2klQzMlQjNuJTIweSUyMGV4cGVyaWVuY2lhJTIwZGUlMjBudWVzdHJvJTIwZXF1aXBvJTIwbm9zJTIwcGVybWl0ZSUyMGxhJTIwbSVDMyVBMXhpbWElMjBmbGV4aWJpbGlkYWQlMjB5JTIwZGlzcG9uaWJpbGlkYWQlMjBwYXJhJTIwcmVzb2x2ZXIlMjB0dXMlMjBwcm95ZWN0b3MuJTIwTnVlc3Ryb3MlMjBlcXVpcG9zJTIwZGUlMjB2ZW50YXMlMkMlMjB0JUMzJUE5Y25pY29zJTJDJTIwZGVzYXJyb2xsb3MlMkMlMjBldGMuJTIwYXBvcnRhbiUyMHN1JTIwc2FiZXIlMjBoYWNlciUyMHBhcmElMjBjb25zZWd1aXIlMjBsYSUyMHBsZW5hJTIwc2F0aXNmYWNjaSVDMyVCM24lMjBkZWwlMjBjbGllbnRlLiUzQyUyRnAlM0UlMEElM0NhJTIwY2xhc3MlM0QlMjJwYXJhbGF4X2IlMjIlMjBocmVmJTNEJTIyaHR0cHMlM0ElMkYlMkZtYXJzZWxsYWdsb2JhbC5jb20lMkZlcyUyRmNvbnRhY3QlMkYlMjIlM0VDb250JUMzJUExY3Rhbm9zJTNDJTJGYSUzRQ==[\/vc_raw_html][\/vc_column][\/vc_row][vc_row class=\u00bbindustrias_home\u00bb][vc_column width=\u00bb1\/1&#8243;][\/vc_column][\/vc_row][vc_row bg_color=\u00bb#f7f8f5&#8243;][vc_column width=\u00bb1\/1&#8243;][\/vc_column][\/vc_row]<\/p>\n","protected":false},"author":1,"featured_media":0,"parent":0,"menu_order":0,"comment_status":"closed","ping_status":"open","template":"","meta":[],"_links":{"self":[{"href":"https:\/\/marsellaglobal.com\/es\/wp-json\/wp\/v2\/pages\/15391"}],"collection":[{"href":"https:\/\/marsellaglobal.com\/es\/wp-json\/wp\/v2\/pages"}],"about":[{"href":"https:\/\/marsellaglobal.com\/es\/wp-json\/wp\/v2\/types\/page"}],"author":[{"embeddable":true,"href":"https:\/\/marsellaglobal.com\/es\/wp-json\/wp\/v2\/users\/1"}],"replies":[{"embeddable":true,"href":"https:\/\/marsellaglobal.com\/es\/wp-json\/wp\/v2\/comments?post=15391"}],"version-history":[{"count":22,"href":"https:\/\/marsellaglobal.com\/es\/wp-json\/wp\/v2\/pages\/15391\/revisions"}],"predecessor-version":[{"id":18630,"href":"https:\/\/marsellaglobal.com\/es\/wp-json\/wp\/v2\/pages\/15391\/revisions\/18630"}],"wp:attachment":[{"href":"https:\/\/marsellaglobal.com\/es\/wp-json\/wp\/v2\/media?parent=15391"}],"curies":[{"name":"wp","href":"https:\/\/api.w.org\/{rel}","templated":true}]}}